{"id":1168,"date":"2025-08-19T13:51:18","date_gmt":"2025-08-19T12:51:18","guid":{"rendered":"https:\/\/casacapitalgr.com\/?post_type=product&#038;p=1168"},"modified":"2025-08-19T13:51:18","modified_gmt":"2025-08-19T12:51:18","slug":"se-vende-acogedor-piso-en-el-corazon-de-castellon-plaza-maria-agustina","status":"publish","type":"product","link":"https:\/\/casacapitalgr.com\/en\/estate\/se-vende-acogedor-piso-en-el-corazon-de-castellon-plaza-maria-agustina\/","title":{"rendered":"For sale cosy flat in the heart of Castell\u00f3n - Plaza Mar\u00eda Agustina"},"content":{"rendered":"<p data-start=\"226\" data-end=\"271\"><strong data-start=\"226\" data-end=\"271\">Urban comfort just a few minutes from the sea.<\/strong><\/p>\n<p data-start=\"226\" data-end=\"271\"><strong data-start=\"297\" data-end=\"311\">Location:<\/strong> Carrer de l'Alcalde T\u00e0rrega, Plaza Mar\u00eda Agustina, Castell\u00f3n de la Plana<br data-start=\"414\" data-end=\"417\" \/><strong data-start=\"417\" data-end=\"433\">Bedrooms:<\/strong> 3<br data-start=\"435\" data-end=\"438\" \/><strong data-start=\"438\" data-end=\"448\">Toilets:<\/strong> 1<\/p>\n<p>&nbsp;<\/p>\n<p data-start=\"459\" data-end=\"756\"><strong data-start=\"459\" data-end=\"490\">Description of the property:<\/strong><br data-start=\"490\" data-end=\"493\" \/>Bright and cosy flat in the heart of Castell\u00f3n, just 3 km from the Mediterranean beaches. Located in one of the most sought after areas of the city, with all services around: shops, cafes, schools, parks and the old town.<\/p>\n<p data-start=\"758\" data-end=\"863\">The property is ready to move into, with a comfortable layout and pleasant rooms.<\/p>\n<p>&nbsp;<\/p>\n<p data-start=\"870\" data-end=\"898\"><strong data-start=\"870\" data-end=\"896\">Interior layout:<\/strong><\/p>\n<ul data-start=\"899\" data-end=\"1101\">\n<li data-start=\"899\" data-end=\"939\">\n<p data-start=\"901\" data-end=\"939\">Three spacious and bright bedrooms<\/p>\n<\/li>\n<li data-start=\"940\" data-end=\"972\">\n<p data-start=\"942\" data-end=\"972\">A complete and spacious bathroom<\/p>\n<\/li>\n<li data-start=\"973\" data-end=\"992\">\n<p data-start=\"975\" data-end=\"992\">Equipped kitchen<\/p>\n<\/li>\n<li data-start=\"993\" data-end=\"1044\">\n<p data-start=\"995\" data-end=\"1044\">Living\/dining room with air conditioning hot\/cold<\/p>\n<\/li>\n<li data-start=\"1045\" data-end=\"1101\">\n<p data-start=\"1047\" data-end=\"1101\">Additional air conditioning in master bedroom<\/p>\n<\/li>\n<\/ul>\n<p>&nbsp;<\/p>\n<p data-start=\"1108\" data-end=\"1142\"><strong data-start=\"1108\" data-end=\"1140\">Characteristics and qualities:<\/strong><\/p>\n<ul data-start=\"1143\" data-end=\"1365\">\n<li data-start=\"1143\" data-end=\"1176\">\n<p data-start=\"1145\" data-end=\"1176\">Sold fully furnished<\/p>\n<\/li>\n<li data-start=\"1177\" data-end=\"1211\">\n<p data-start=\"1179\" data-end=\"1211\">Security entrance door<\/p>\n<\/li>\n<li data-start=\"1212\" data-end=\"1252\">\n<p data-start=\"1214\" data-end=\"1252\">Natural wood interior doors<\/p>\n<\/li>\n<li data-start=\"1253\" data-end=\"1312\">\n<p data-start=\"1255\" data-end=\"1312\">PVC windows with double glazing and mosquito nets<\/p>\n<\/li>\n<li data-start=\"1313\" data-end=\"1365\">\n<p data-start=\"1315\" data-end=\"1365\">Natural gas heating and hot water<\/p>\n<\/li>\n<\/ul>\n<p>&nbsp;<\/p>\n<p data-start=\"1372\" data-end=\"1542\"><strong data-start=\"1372\" data-end=\"1384\">Environment:<\/strong><br data-start=\"1384\" data-end=\"1387\" \/>Located in Plaza Mar\u00eda Agustina, one of the most lively and central areas of Castell\u00f3n, with easy access to public transport, services and green areas.<\/p>\n<p>&nbsp;<\/p>\n<p data-start=\"1549\" data-end=\"1718\"><strong data-start=\"1549\" data-end=\"1567\">Remarks:<\/strong><br data-start=\"1567\" data-end=\"1570\" \/>An excellent option for those who wish to live in the city centre with the convenience of having everything close by and enjoying the sea just a few minutes away.<\/p>\n<p data-start=\"1720\" data-end=\"1785\"><strong data-start=\"1720\" data-end=\"1785\">Contact us for more information or to arrange a visit.<\/strong><\/p>","protected":false},"excerpt":{"rendered":"<p data-start=\"47\" data-end=\"150\"><strong data-start=\"47\" data-end=\"69\">\u2714 Central location<\/strong> - in Plaza Mar\u00eda Agustina, with all services and the historic centre within walking distance.<\/p>\n<p data-start=\"154\" data-end=\"219\"><strong data-start=\"154\" data-end=\"171\">\u2714 Near the sea<\/strong> - only 3 km from the Mediterranean beaches.<\/p>\n<p data-start=\"223\" data-end=\"287\"><strong data-start=\"223\" data-end=\"252\">\u2714 Ready to move into<\/strong> - sold fully furnished.<\/p>\n<p data-start=\"291\" data-end=\"379\"><strong data-start=\"291\" data-end=\"312\">\u2714 Climate comfort<\/strong> - Air conditioning hot\/cold in living room and master bedroom.<\/p>\n<p data-start=\"383\" data-end=\"468\"><strong data-start=\"383\" data-end=\"408\">\u2714 Practical distribution<\/strong> - 3 bright bedrooms, spacious bathroom and equipped kitchen.<\/p>\n<p data-start=\"472\" data-end=\"561\"><strong data-start=\"472\" data-end=\"500\">\u2714 Insulation and efficiency<\/strong> - PVC windows with double glazing and mosquito nets.<\/p>\n<p data-start=\"565\" data-end=\"690\" data-is-last-node=\"\"><strong data-start=\"565\" data-end=\"590\">\u2714 Safety and qualities<\/strong> - Security entrance door, wooden interior carpentry and natural gas heating\/ACS.<\/p>","protected":false},"featured_media":1178,"comment_status":"open","ping_status":"closed","template":"","meta":[],"product_brand":[],"product_cat":[16],"product_tag":[],"class_list":{"0":"post-1168","1":"product","2":"type-product","3":"status-publish","4":"has-post-thumbnail","6":"product_cat-comprar","7":"pa_area-87-m","8":"pa_pais-espana","9":"pa_tipo-de-habitacion-apartamentos","10":"pa_tipo-de-objeto-residencial","11":"pa_ubicacion-castellon","13":"first","14":"instock","15":"shipping-taxable","16":"purchasable","17":"product-type-simple"},"_links":{"self":[{"href":"https:\/\/casacapitalgr.com\/en\/wp-json\/wp\/v2\/product\/1168","targetHints":{"allow":["GET"]}}],"collection":[{"href":"https:\/\/casacapitalgr.com\/en\/wp-json\/wp\/v2\/product"}],"about":[{"href":"https:\/\/casacapitalgr.com\/en\/wp-json\/wp\/v2\/types\/product"}],"replies":[{"embeddable":true,"href":"https:\/\/casacapitalgr.com\/en\/wp-json\/wp\/v2\/comments?post=1168"}],"version-history":[{"count":1,"href":"https:\/\/casacapitalgr.com\/en\/wp-json\/wp\/v2\/product\/1168\/revisions"}],"predecessor-version":[{"id":1179,"href":"https:\/\/casacapitalgr.com\/en\/wp-json\/wp\/v2\/product\/1168\/revisions\/1179"}],"wp:featuredmedia":[{"embeddable":true,"href":"https:\/\/casacapitalgr.com\/en\/wp-json\/wp\/v2\/media\/1178"}],"wp:attachment":[{"href":"https:\/\/casacapitalgr.com\/en\/wp-json\/wp\/v2\/media?parent=1168"}],"wp:term":[{"taxonomy":"product_brand","embeddable":true,"href":"https:\/\/casacapitalgr.com\/en\/wp-json\/wp\/v2\/product_brand?post=1168"},{"taxonomy":"product_cat","embeddable":true,"href":"https:\/\/casacapitalgr.com\/en\/wp-json\/wp\/v2\/product_cat?post=1168"},{"taxonomy":"product_tag","embeddable":true,"href":"https:\/\/casacapitalgr.com\/en\/wp-json\/wp\/v2\/product_tag?post=1168"}],"curies":[{"name":"wp","href":"https:\/\/api.w.org\/{rel}","templated":true}]}}