{"id":1168,"date":"2025-08-19T13:51:18","date_gmt":"2025-08-19T12:51:18","guid":{"rendered":"https:\/\/casacapitalgr.com\/?post_type=product&#038;p=1168"},"modified":"2025-08-19T13:51:18","modified_gmt":"2025-08-19T12:51:18","slug":"se-vende-acogedor-piso-en-el-corazon-de-castellon-plaza-maria-agustina","status":"publish","type":"product","link":"https:\/\/casacapitalgr.com\/uk\/estate\/se-vende-acogedor-piso-en-el-corazon-de-castellon-plaza-maria-agustina\/","title":{"rendered":"\u041f\u0440\u043e\u0434\u0430\u0454\u0442\u044c\u0441\u044f \u0437\u0430\u0442\u0438\u0448\u043d\u0430 \u043a\u0432\u0430\u0440\u0442\u0438\u0440\u0430 \u0432 \u0441\u0430\u043c\u043e\u043c\u0443 \u0446\u0435\u043d\u0442\u0440\u0456 \u041a\u0430\u0441\u0442\u0435\u043b\u044c\u043e\u043d\u0430 - \u041f\u043b\u043e\u0449\u0430 \u041c\u0430\u0440\u0456\u0457 \u0410\u0433\u0443\u0441\u0442\u0456\u043d\u0438"},"content":{"rendered":"<p data-start=\"226\" data-end=\"271\"><strong data-start=\"226\" data-end=\"271\">\u041c\u0456\u0441\u044c\u043a\u0438\u0439 \u043a\u043e\u043c\u0444\u043e\u0440\u0442 \u0432 \u0434\u0435\u043a\u0456\u043b\u044c\u043a\u043e\u0445 \u0445\u0432\u0438\u043b\u0438\u043d\u0430\u0445 \u0432\u0456\u0434 \u043c\u043e\u0440\u044f.<\/strong><\/p>\n<p data-start=\"226\" data-end=\"271\"><strong data-start=\"297\" data-end=\"311\">\u041c\u0456\u0441\u0446\u0435\u0437\u043d\u0430\u0445\u043e\u0434\u0436\u0435\u043d\u043d\u044f:<\/strong> Carrer de l'Alcalde T\u00e0rrega, Plaza Mar\u00eda Agustina, Castell\u00f3n de la Plana<br data-start=\"414\" data-end=\"417\" \/><strong data-start=\"417\" data-end=\"433\">\u0421\u043f\u0430\u043b\u044c\u043d\u0456:<\/strong> 3<br data-start=\"435\" data-end=\"438\" \/><strong data-start=\"438\" data-end=\"448\">\u0422\u0443\u0430\u043b\u0435\u0442\u0438:<\/strong> 1<\/p>\n<p>&nbsp;<\/p>\n<p data-start=\"459\" data-end=\"756\"><strong data-start=\"459\" data-end=\"490\">\u041e\u043f\u0438\u0441 \u043e\u0431'\u0454\u043a\u0442\u0430 \u043d\u0435\u0440\u0443\u0445\u043e\u043c\u043e\u0441\u0442\u0456:<\/strong><br data-start=\"490\" data-end=\"493\" \/>\u0421\u0432\u0456\u0442\u043b\u0430 \u0456 \u0437\u0430\u0442\u0438\u0448\u043d\u0430 \u043a\u0432\u0430\u0440\u0442\u0438\u0440\u0430 \u0432 \u0441\u0430\u043c\u043e\u043c\u0443 \u0446\u0435\u043d\u0442\u0440\u0456 \u041a\u0430\u0441\u0442\u0435\u043b\u044c\u043e\u043d\u0430, \u0432\u0441\u044c\u043e\u0433\u043e \u0432 3 \u043a\u043c \u0432\u0456\u0434 \u0441\u0435\u0440\u0435\u0434\u0437\u0435\u043c\u043d\u043e\u043c\u043e\u0440\u0441\u044c\u043a\u0438\u0445 \u043f\u043b\u044f\u0436\u0456\u0432. \u0420\u043e\u0437\u0442\u0430\u0448\u043e\u0432\u0430\u043d\u0430 \u0432 \u043e\u0434\u043d\u043e\u043c\u0443 \u0437 \u043d\u0430\u0439\u0431\u0456\u043b\u044c\u0448 \u0437\u0430\u0442\u0440\u0435\u0431\u0443\u0432\u0430\u043d\u0438\u0445 \u0440\u0430\u0439\u043e\u043d\u0456\u0432 \u043c\u0456\u0441\u0442\u0430, \u0437 \u0443\u0441\u0456\u043c\u0430 \u043f\u043e\u0441\u043b\u0443\u0433\u0430\u043c\u0438 \u043d\u0430\u0432\u043a\u043e\u043b\u043e: \u043c\u0430\u0433\u0430\u0437\u0438\u043d\u0438, \u043a\u0430\u0444\u0435, \u0448\u043a\u043e\u043b\u0438, \u043f\u0430\u0440\u043a\u0438 \u0442\u0430 \u0441\u0442\u0430\u0440\u0435 \u043c\u0456\u0441\u0442\u043e.<\/p>\n<p data-start=\"758\" data-end=\"863\">\u041e\u0431'\u0454\u043a\u0442 \u0433\u043e\u0442\u043e\u0432\u0438\u0439 \u0434\u043e \u0437\u0430\u0441\u0435\u043b\u0435\u043d\u043d\u044f, \u0437\u0456 \u0437\u0440\u0443\u0447\u043d\u0438\u043c \u043f\u043b\u0430\u043d\u0443\u0432\u0430\u043d\u043d\u044f\u043c \u0456 \u043f\u0440\u0438\u0454\u043c\u043d\u0438\u043c\u0438 \u043a\u0456\u043c\u043d\u0430\u0442\u0430\u043c\u0438.<\/p>\n<p>&nbsp;<\/p>\n<p data-start=\"870\" data-end=\"898\"><strong data-start=\"870\" data-end=\"896\">\u0412\u043d\u0443\u0442\u0440\u0456\u0448\u043d\u0454 \u043f\u043b\u0430\u043d\u0443\u0432\u0430\u043d\u043d\u044f:<\/strong><\/p>\n<ul data-start=\"899\" data-end=\"1101\">\n<li data-start=\"899\" data-end=\"939\">\n<p data-start=\"901\" data-end=\"939\">\u0422\u0440\u0438 \u043f\u0440\u043e\u0441\u0442\u043e\u0440\u0456 \u0442\u0430 \u0441\u0432\u0456\u0442\u043b\u0456 \u0441\u043f\u0430\u043b\u044c\u043d\u0456<\/p>\n<\/li>\n<li data-start=\"940\" data-end=\"972\">\n<p data-start=\"942\" data-end=\"972\">\u041f\u043e\u0432\u043d\u043e\u0446\u0456\u043d\u043d\u0430 \u0442\u0430 \u043f\u0440\u043e\u0441\u0442\u043e\u0440\u0430 \u0432\u0430\u043d\u043d\u0430 \u043a\u0456\u043c\u043d\u0430\u0442\u0430<\/p>\n<\/li>\n<li data-start=\"973\" data-end=\"992\">\n<p data-start=\"975\" data-end=\"992\">\u041e\u0431\u043b\u0430\u0434\u043d\u0430\u043d\u0430 \u043a\u0443\u0445\u043d\u044f<\/p>\n<\/li>\n<li data-start=\"993\" data-end=\"1044\">\n<p data-start=\"995\" data-end=\"1044\">\u0412\u0456\u0442\u0430\u043b\u044c\u043d\u044f\/\u0457\u0434\u0430\u043b\u044c\u043d\u044f \u0437 \u043a\u043e\u043d\u0434\u0438\u0446\u0456\u043e\u043d\u0435\u0440\u043e\u043c \u0433\u0430\u0440\u044f\u0447\u0435\/\u0445\u043e\u043b\u043e\u0434\u043d\u0435<\/p>\n<\/li>\n<li data-start=\"1045\" data-end=\"1101\">\n<p data-start=\"1047\" data-end=\"1101\">\u0414\u043e\u0434\u0430\u0442\u043a\u043e\u0432\u0438\u0439 \u043a\u043e\u043d\u0434\u0438\u0446\u0456\u043e\u043d\u0435\u0440 \u0443 \u0433\u043e\u043b\u043e\u0432\u043d\u0456\u0439 \u0441\u043f\u0430\u043b\u044c\u043d\u0456<\/p>\n<\/li>\n<\/ul>\n<p>&nbsp;<\/p>\n<p data-start=\"1108\" data-end=\"1142\"><strong data-start=\"1108\" data-end=\"1140\">\u0425\u0430\u0440\u0430\u043a\u0442\u0435\u0440\u0438\u0441\u0442\u0438\u043a\u0438 \u0442\u0430 \u044f\u043a\u043e\u0441\u0442\u0456:<\/strong><\/p>\n<ul data-start=\"1143\" data-end=\"1365\">\n<li data-start=\"1143\" data-end=\"1176\">\n<p data-start=\"1145\" data-end=\"1176\">\u041f\u0440\u043e\u0434\u0430\u0454\u0442\u044c\u0441\u044f \u043f\u043e\u0432\u043d\u0456\u0441\u0442\u044e \u043c\u0435\u0431\u043b\u044c\u043e\u0432\u0430\u043d\u0438\u043c<\/p>\n<\/li>\n<li data-start=\"1177\" data-end=\"1211\">\n<p data-start=\"1179\" data-end=\"1211\">\u0411\u0435\u0437\u043f\u0435\u0447\u043d\u0456 \u0432\u0445\u0456\u0434\u043d\u0456 \u0434\u0432\u0435\u0440\u0456<\/p>\n<\/li>\n<li data-start=\"1212\" data-end=\"1252\">\n<p data-start=\"1214\" data-end=\"1252\">\u041c\u0456\u0436\u043a\u0456\u043c\u043d\u0430\u0442\u043d\u0456 \u0434\u0432\u0435\u0440\u0456 \u0437 \u043d\u0430\u0442\u0443\u0440\u0430\u043b\u044c\u043d\u043e\u0433\u043e \u0434\u0435\u0440\u0435\u0432\u0430<\/p>\n<\/li>\n<li data-start=\"1253\" data-end=\"1312\">\n<p data-start=\"1255\" data-end=\"1312\">\u0412\u0456\u043a\u043d\u0430 \u041f\u0412\u0425 \u0437 \u043f\u043e\u0434\u0432\u0456\u0439\u043d\u0438\u043c \u0441\u043a\u043b\u043e\u043f\u0430\u043a\u0435\u0442\u043e\u043c \u0456 \u043c\u043e\u0441\u043a\u0456\u0442\u043d\u043e\u044e \u0441\u0456\u0442\u043a\u043e\u044e<\/p>\n<\/li>\n<li data-start=\"1313\" data-end=\"1365\">\n<p data-start=\"1315\" data-end=\"1365\">\u041e\u043f\u0430\u043b\u0435\u043d\u043d\u044f \u0442\u0430 \u0433\u0430\u0440\u044f\u0447\u0430 \u0432\u043e\u0434\u0430 \u043d\u0430 \u043f\u0440\u0438\u0440\u043e\u0434\u043d\u043e\u043c\u0443 \u0433\u0430\u0437\u0456<\/p>\n<\/li>\n<\/ul>\n<p>&nbsp;<\/p>\n<p data-start=\"1372\" data-end=\"1542\"><strong data-start=\"1372\" data-end=\"1384\">\u041d\u0430\u0432\u043a\u043e\u043b\u0438\u0448\u043d\u0454 \u0441\u0435\u0440\u0435\u0434\u043e\u0432\u0438\u0449\u0435:<\/strong><br data-start=\"1384\" data-end=\"1387\" \/>\u0420\u043e\u0437\u0442\u0430\u0448\u043e\u0432\u0430\u043d\u0438\u0439 \u043d\u0430 \u043f\u043b\u043e\u0449\u0456 \u041c\u0430\u0440\u0456\u0457 \u0410\u0433\u0443\u0441\u0442\u0456\u043d\u0438, \u043e\u0434\u043d\u043e\u043c\u0443 \u0437 \u043d\u0430\u0439\u0436\u0432\u0430\u0432\u0456\u0448\u0438\u0445 \u0456 \u0446\u0435\u043d\u0442\u0440\u0430\u043b\u044c\u043d\u0438\u0445 \u0440\u0430\u0439\u043e\u043d\u0456\u0432 \u041a\u0430\u0441\u0442\u0435\u043b\u044c\u043e\u043d\u0430, \u0437 \u043b\u0435\u0433\u043a\u0438\u043c \u0434\u043e\u0441\u0442\u0443\u043f\u043e\u043c \u0434\u043e \u0433\u0440\u043e\u043c\u0430\u0434\u0441\u044c\u043a\u043e\u0433\u043e \u0442\u0440\u0430\u043d\u0441\u043f\u043e\u0440\u0442\u0443, \u043f\u043e\u0441\u043b\u0443\u0433 \u0456 \u0437\u0435\u043b\u0435\u043d\u0438\u0445 \u0437\u043e\u043d.<\/p>\n<p>&nbsp;<\/p>\n<p data-start=\"1549\" data-end=\"1718\"><strong data-start=\"1549\" data-end=\"1567\">\u0417\u0430\u0443\u0432\u0430\u0436\u0435\u043d\u043d\u044f:<\/strong><br data-start=\"1567\" data-end=\"1570\" \/>\u0412\u0456\u0434\u043c\u0456\u043d\u043d\u0438\u0439 \u0432\u0430\u0440\u0456\u0430\u043d\u0442 \u0434\u043b\u044f \u0442\u0438\u0445, \u0445\u0442\u043e \u0445\u043e\u0447\u0435 \u0436\u0438\u0442\u0438 \u0432 \u0446\u0435\u043d\u0442\u0440\u0456 \u043c\u0456\u0441\u0442\u0430, \u043c\u0430\u044e\u0447\u0438 \u0432\u0441\u0435 \u043d\u0435\u043e\u0431\u0445\u0456\u0434\u043d\u0435 \u043f\u043e\u0440\u0443\u0447 \u0456 \u043d\u0430\u0441\u043e\u043b\u043e\u0434\u0436\u0443\u044e\u0447\u0438\u0441\u044c \u043c\u043e\u0440\u0435\u043c \u0432\u0441\u044c\u043e\u0433\u043e \u0432 \u0434\u0435\u043a\u0456\u043b\u044c\u043a\u043e\u0445 \u0445\u0432\u0438\u043b\u0438\u043d\u0430\u0445 \u0457\u0437\u0434\u0438.<\/p>\n<p data-start=\"1720\" data-end=\"1785\"><strong data-start=\"1720\" data-end=\"1785\">\u0417\u0432'\u044f\u0436\u0456\u0442\u044c\u0441\u044f \u0437 \u043d\u0430\u043c\u0438 \u0434\u043b\u044f \u043e\u0442\u0440\u0438\u043c\u0430\u043d\u043d\u044f \u0434\u043e\u0434\u0430\u0442\u043a\u043e\u0432\u043e\u0457 \u0456\u043d\u0444\u043e\u0440\u043c\u0430\u0446\u0456\u0457 \u0430\u0431\u043e \u0449\u043e\u0431 \u0434\u043e\u043c\u043e\u0432\u0438\u0442\u0438\u0441\u044f \u043f\u0440\u043e \u0432\u0456\u0437\u0438\u0442.<\/strong><\/p>","protected":false},"excerpt":{"rendered":"<p data-start=\"47\" data-end=\"150\"><strong data-start=\"47\" data-end=\"69\">\u2714 \u0426\u0435\u043d\u0442\u0440\u0430\u043b\u044c\u043d\u0435 \u0440\u043e\u0437\u0442\u0430\u0448\u0443\u0432\u0430\u043d\u043d\u044f<\/strong> - \u043d\u0430 \u043f\u043b\u043e\u0449\u0456 \u041c\u0430\u0440\u0456\u0457 \u0410\u0433\u0443\u0441\u0442\u0456\u043d\u0438, \u0437 \u0443\u0441\u0456\u043c\u0430 \u043f\u043e\u0441\u043b\u0443\u0433\u0430\u043c\u0438 \u0442\u0430 \u0456\u0441\u0442\u043e\u0440\u0438\u0447\u043d\u0438\u043c \u0446\u0435\u043d\u0442\u0440\u043e\u043c \u0432 \u0434\u0435\u043a\u0456\u043b\u044c\u043a\u043e\u0445 \u0445\u0432\u0438\u043b\u0438\u043d\u0430\u0445 \u0445\u043e\u0434\u044c\u0431\u0438.<\/p>\n<p data-start=\"154\" data-end=\"219\"><strong data-start=\"154\" data-end=\"171\">\u2714 \u041f\u043e\u0431\u043b\u0438\u0437\u0443 \u043c\u043e\u0440\u044f<\/strong> - \u043b\u0438\u0448\u0435 \u0437\u0430 3 \u043a\u043c \u0432\u0456\u0434 \u0441\u0435\u0440\u0435\u0434\u0437\u0435\u043c\u043d\u043e\u043c\u043e\u0440\u0441\u044c\u043a\u0438\u0445 \u043f\u043b\u044f\u0436\u0456\u0432.<\/p>\n<p data-start=\"223\" data-end=\"287\"><strong data-start=\"223\" data-end=\"252\">\u2714 \u0413\u043e\u0442\u043e\u0432\u0438\u0439 \u0434\u043e \u0437\u0430\u0441\u0435\u043b\u0435\u043d\u043d\u044f<\/strong> - \u043f\u0440\u043e\u0434\u0430\u0454\u0442\u044c\u0441\u044f \u043f\u043e\u0432\u043d\u0456\u0441\u0442\u044e \u043c\u0435\u0431\u043b\u044c\u043e\u0432\u0430\u043d\u043e\u044e.<\/p>\n<p data-start=\"291\" data-end=\"379\"><strong data-start=\"291\" data-end=\"312\">\u2714 \u041a\u043b\u0456\u043c\u0430\u0442\u0438\u0447\u043d\u0438\u0439 \u043a\u043e\u043c\u0444\u043e\u0440\u0442<\/strong> - \u041a\u043e\u043d\u0434\u0438\u0446\u0456\u043e\u043d\u0435\u0440 \u0437 \u0444\u0443\u043d\u043a\u0446\u0456\u0454\u044e \"\u0433\u0430\u0440\u044f\u0447\u0435\/\u0445\u043e\u043b\u043e\u0434\u043d\u0435\" \u0443 \u0432\u0456\u0442\u0430\u043b\u044c\u043d\u0456 \u0442\u0430 \u0433\u043e\u043b\u043e\u0432\u043d\u0456\u0439 \u0441\u043f\u0430\u043b\u044c\u043d\u0456.<\/p>\n<p data-start=\"383\" data-end=\"468\"><strong data-start=\"383\" data-end=\"408\">\u2714 \u041f\u0440\u0430\u043a\u0442\u0438\u0447\u043d\u0430 \u0434\u0438\u0441\u0442\u0440\u0438\u0431\u0443\u0446\u0456\u044f<\/strong> - 3 \u0441\u0432\u0456\u0442\u043b\u0456 \u0441\u043f\u0430\u043b\u044c\u043d\u0456, \u043f\u0440\u043e\u0441\u0442\u043e\u0440\u0430 \u0432\u0430\u043d\u043d\u0430 \u043a\u0456\u043c\u043d\u0430\u0442\u0430 \u0442\u0430 \u043e\u0431\u043b\u0430\u0434\u043d\u0430\u043d\u0430 \u043a\u0443\u0445\u043d\u044f.<\/p>\n<p data-start=\"472\" data-end=\"561\"><strong data-start=\"472\" data-end=\"500\">\u2714 \u0406\u0437\u043e\u043b\u044f\u0446\u0456\u044f \u0442\u0430 \u0435\u0444\u0435\u043a\u0442\u0438\u0432\u043d\u0456\u0441\u0442\u044c<\/strong> - \u0412\u0456\u043a\u043d\u0430 \u041f\u0412\u0425 \u0437 \u043f\u043e\u0434\u0432\u0456\u0439\u043d\u0438\u043c \u0441\u043a\u043b\u043e\u043f\u0430\u043a\u0435\u0442\u043e\u043c \u0456 \u043c\u043e\u0441\u043a\u0456\u0442\u043d\u043e\u044e \u0441\u0456\u0442\u043a\u043e\u044e.<\/p>\n<p data-start=\"565\" data-end=\"690\" data-is-last-node=\"\"><strong data-start=\"565\" data-end=\"590\">\u2714 \u0411\u0435\u0437\u043f\u0435\u043a\u0430 \u0442\u0430 \u044f\u043a\u043e\u0441\u0442\u0456<\/strong> - \u0411\u0440\u043e\u043d\u044c\u043e\u0432\u0430\u043d\u0456 \u0432\u0445\u0456\u0434\u043d\u0456 \u0434\u0432\u0435\u0440\u0456, \u0434\u0435\u0440\u0435\u0432'\u044f\u043d\u0430 \u0432\u043d\u0443\u0442\u0440\u0456\u0448\u043d\u044f \u0441\u0442\u043e\u043b\u044f\u0440\u043a\u0430, \u043e\u043f\u0430\u043b\u0435\u043d\u043d\u044f \u043f\u0440\u0438\u0440\u043e\u0434\u043d\u0438\u043c \u0433\u0430\u0437\u043e\u043c\/\u0421\u041a\u0423\u0414.<\/p>","protected":false},"featured_media":1178,"comment_status":"open","ping_status":"closed","template":"","meta":[],"product_brand":[],"product_cat":[16],"product_tag":[],"class_list":{"0":"post-1168","1":"product","2":"type-product","3":"status-publish","4":"has-post-thumbnail","6":"product_cat-comprar","7":"pa_area-87-m","8":"pa_pais-espana","9":"pa_tipo-de-habitacion-apartamentos","10":"pa_tipo-de-objeto-residencial","11":"pa_ubicacion-castellon","13":"first","14":"instock","15":"shipping-taxable","16":"purchasable","17":"product-type-simple"},"_links":{"self":[{"href":"https:\/\/casacapitalgr.com\/uk\/wp-json\/wp\/v2\/product\/1168","targetHints":{"allow":["GET"]}}],"collection":[{"href":"https:\/\/casacapitalgr.com\/uk\/wp-json\/wp\/v2\/product"}],"about":[{"href":"https:\/\/casacapitalgr.com\/uk\/wp-json\/wp\/v2\/types\/product"}],"replies":[{"embeddable":true,"href":"https:\/\/casacapitalgr.com\/uk\/wp-json\/wp\/v2\/comments?post=1168"}],"version-history":[{"count":1,"href":"https:\/\/casacapitalgr.com\/uk\/wp-json\/wp\/v2\/product\/1168\/revisions"}],"predecessor-version":[{"id":1179,"href":"https:\/\/casacapitalgr.com\/uk\/wp-json\/wp\/v2\/product\/1168\/revisions\/1179"}],"wp:featuredmedia":[{"embeddable":true,"href":"https:\/\/casacapitalgr.com\/uk\/wp-json\/wp\/v2\/media\/1178"}],"wp:attachment":[{"href":"https:\/\/casacapitalgr.com\/uk\/wp-json\/wp\/v2\/media?parent=1168"}],"wp:term":[{"taxonomy":"product_brand","embeddable":true,"href":"https:\/\/casacapitalgr.com\/uk\/wp-json\/wp\/v2\/product_brand?post=1168"},{"taxonomy":"product_cat","embeddable":true,"href":"https:\/\/casacapitalgr.com\/uk\/wp-json\/wp\/v2\/product_cat?post=1168"},{"taxonomy":"product_tag","embeddable":true,"href":"https:\/\/casacapitalgr.com\/uk\/wp-json\/wp\/v2\/product_tag?post=1168"}],"curies":[{"name":"wp","href":"https:\/\/api.w.org\/{rel}","templated":true}]}}